{"id":11,"date":"2025-06-22T20:49:29","date_gmt":"2025-06-22T20:49:29","guid":{"rendered":"https:\/\/taldedescontinho.com\/grupodepromos\/?page_id=11"},"modified":"2025-09-27T04:46:13","modified_gmt":"2025-09-27T04:46:13","slug":"home","status":"publish","type":"page","link":"https:\/\/taldedescontinho.com\/grupodepromos\/","title":{"rendered":"Grupo 6"},"content":{"rendered":"\t\t<div data-elementor-type=\"wp-page\" data-elementor-id=\"11\" class=\"elementor elementor-11\">\n\t\t\t\t<div class=\"elementor-element elementor-element-7e7a431 e-flex e-con-boxed e-con e-parent\" data-id=\"7e7a431\" data-element_type=\"container\" data-e-type=\"container\" data-settings=\"{&quot;background_background&quot;:&quot;gradient&quot;}\">\n\t\t\t\t\t<div class=\"e-con-inner\">\n\t\t\t\t<div class=\"elementor-element elementor-element-e5dea47 elementor-widget elementor-widget-heading\" data-id=\"e5dea47\" data-element_type=\"widget\" data-e-type=\"widget\" data-widget_type=\"heading.default\">\n\t\t\t\t<div class=\"elementor-widget-container\">\n\t\t\t\t\t<h2 class=\"elementor-heading-title elementor-size-default\">\ud83d\udecd\ufe0fCHEGOU A HORA DE REALMENTE ECONOMIZAR NOS PRODUTINHOS QUE TANTO AMA.<\/h2>\t\t\t\t<\/div>\n\t\t\t\t<\/div>\n\t\t\t\t<div class=\"elementor-element elementor-element-5f36581 elementor-widget elementor-widget-image\" data-id=\"5f36581\" data-element_type=\"widget\" data-e-type=\"widget\" data-widget_type=\"image.default\">\n\t\t\t\t<div class=\"elementor-widget-container\">\n\t\t\t\t\t\t\t\t\t\t\t\t\t\t\t<img fetchpriority=\"high\" decoding=\"async\" width=\"1563\" height=\"1563\" src=\"https:\/\/taldedescontinho.com\/grupodepromos\/wp-content\/uploads\/2025\/06\/Design-sem-nome-1.png\" class=\"attachment-full size-full wp-image-49\" alt=\"\" srcset=\"https:\/\/taldedescontinho.com\/grupodepromos\/wp-content\/uploads\/2025\/06\/Design-sem-nome-1.png 1563w, https:\/\/taldedescontinho.com\/grupodepromos\/wp-content\/uploads\/2025\/06\/Design-sem-nome-1-300x300.png 300w, https:\/\/taldedescontinho.com\/grupodepromos\/wp-content\/uploads\/2025\/06\/Design-sem-nome-1-1024x1024.png 1024w, https:\/\/taldedescontinho.com\/grupodepromos\/wp-content\/uploads\/2025\/06\/Design-sem-nome-1-150x150.png 150w, https:\/\/taldedescontinho.com\/grupodepromos\/wp-content\/uploads\/2025\/06\/Design-sem-nome-1-768x768.png 768w, https:\/\/taldedescontinho.com\/grupodepromos\/wp-content\/uploads\/2025\/06\/Design-sem-nome-1-1536x1536.png 1536w\" sizes=\"(max-width: 1563px) 100vw, 1563px\" \/>\t\t\t\t\t\t\t\t\t\t\t\t\t\t\t<\/div>\n\t\t\t\t<\/div>\n\t\t\t\t<div class=\"elementor-element elementor-element-8cfc1d0 elementor-widget elementor-widget-heading\" data-id=\"8cfc1d0\" data-element_type=\"widget\" data-e-type=\"widget\" data-widget_type=\"heading.default\">\n\t\t\t\t<div class=\"elementor-widget-container\">\n\t\t\t\t\t<h2 class=\"elementor-heading-title elementor-size-default\">Entre para o mais exclusivo grupo \u2728Vip\u2728 de promos, bugs e cupons!!\ud83d\udecd\ufe0f<\/h2>\t\t\t\t<\/div>\n\t\t\t\t<\/div>\n\t\t\t\t<div class=\"elementor-element elementor-element-f102a4d elementor-mobile-align-center elementor-widget elementor-widget-button\" data-id=\"f102a4d\" data-element_type=\"widget\" data-e-type=\"widget\" data-widget_type=\"button.default\">\n\t\t\t\t<div class=\"elementor-widget-container\">\n\t\t\t\t\t\t\t\t\t<div class=\"elementor-button-wrapper\">\n\t\t\t\t\t<a class=\"elementor-button elementor-button-link elementor-size-sm\" href=\"https:\/\/chat.whatsapp.com\/LN4N3Zw6IHsH9WKD2Tl7Ze\">\n\t\t\t\t\t\t<span class=\"elementor-button-content-wrapper\">\n\t\t\t\t\t\t<span class=\"elementor-button-icon\">\n\t\t\t\t<svg xmlns=\"http:\/\/www.w3.org\/2000\/svg\" fill=\"#00d000\" width=\"188px\" height=\"188px\" viewBox=\"0 0 24 24\" role=\"img\" stroke=\"#00d000\"><g id=\"SVGRepo_bgCarrier\" stroke-width=\"0\"><\/g><g id=\"SVGRepo_tracerCarrier\" stroke-linecap=\"round\" stroke-linejoin=\"round\"><\/g><g id=\"SVGRepo_iconCarrier\"><title>WhatsApp icon<\/title><path d=\"M17.472 14.382c-.297-.149-1.758-.867-2.03-.967-.273-.099-.471-.148-.67.15-.197.297-.767.966-.94 1.164-.173.199-.347.223-.644.075-.297-.15-1.255-.463-2.39-1.475-.883-.788-1.48-1.761-1.653-2.059-.173-.297-.018-.458.13-.606.134-.133.298-.347.446-.52.149-.174.198-.298.298-.497.099-.198.05-.371-.025-.52-.075-.149-.669-1.612-.916-2.207-.242-.579-.487-.5-.669-.51-.173-.008-.371-.01-.57-.01-.198 0-.52.074-.792.372-.272.297-1.04 1.016-1.04 2.479 0 1.462 1.065 2.875 1.213 3.074.149.198 2.096 3.2 5.077 4.487.709.306 1.262.489 1.694.625.712.227 1.36.195 1.871.118.571-.085 1.758-.719 2.006-1.413.248-.694.248-1.289.173-1.413-.074-.124-.272-.198-.57-.347m-5.421 7.403h-.004a9.87 9.87 0 01-5.031-1.378l-.361-.214-3.741.982.998-3.648-.235-.374a9.86 9.86 0 01-1.51-5.26c.001-5.45 4.436-9.884 9.888-9.884 2.64 0 5.122 1.03 6.988 2.898a9.825 9.825 0 012.893 6.994c-.003 5.45-4.437 9.884-9.885 9.884m8.413-18.297A11.815 11.815 0 0012.05 0C5.495 0 .16 5.335.157 11.892c0 2.096.547 4.142 1.588 5.945L.057 24l6.305-1.654a11.882 11.882 0 005.683 1.448h.005c6.554 0 11.89-5.335 11.893-11.893a11.821 11.821 0 00-3.48-8.413Z\"><\/path><\/g><\/svg>\t\t\t<\/span>\n\t\t\t\t\t\t\t\t\t<span class=\"elementor-button-text\">QUERO PARTICIPAR<\/span>\n\t\t\t\t\t<\/span>\n\t\t\t\t\t<\/a>\n\t\t\t\t<\/div>\n\t\t\t\t\t\t\t\t<\/div>\n\t\t\t\t<\/div>\n\t\t\t\t<div class=\"elementor-element elementor-element-c5ae267 elementor-widget-mobile__width-initial elementor-widget elementor-widget-heading\" data-id=\"c5ae267\" data-element_type=\"widget\" data-e-type=\"widget\" data-widget_type=\"heading.default\">\n\t\t\t\t<div class=\"elementor-widget-container\">\n\t\t\t\t\t<h2 class=\"elementor-heading-title elementor-size-default\">\ud83d\udce3+ DE 20.000 MULHERES J\u00c1 EST\u00c3O APROVEITANDO!\nAGORA \u00c9 A SUA VEZ.<\/h2>\t\t\t\t<\/div>\n\t\t\t\t<\/div>\n\t\t\t\t<div class=\"elementor-element elementor-element-2c26699 elementor-widget elementor-widget-heading\" data-id=\"2c26699\" data-element_type=\"widget\" data-e-type=\"widget\" data-widget_type=\"heading.default\">\n\t\t\t\t<div class=\"elementor-widget-container\">\n\t\t\t\t\t<h2 class=\"elementor-heading-title elementor-size-default\">\ud83d\udea8N\u00e3o abriu o grupo? Ent\u00e3o segue essa dica\ud83d\udc47\n<\/h2>\t\t\t\t<\/div>\n\t\t\t\t<\/div>\n\t\t\t\t<div class=\"elementor-element elementor-element-eec9d27 elementor-widget elementor-widget-text-editor\" data-id=\"eec9d27\" data-element_type=\"widget\" data-e-type=\"widget\" data-widget_type=\"text-editor.default\">\n\t\t\t\t<div class=\"elementor-widget-container\">\n\t\t\t\t\t\t\t\t\t<p>\u26a0\ufe0fSe est\u00e1 pedindo para baixar o WhatsAPP basta clicar nos tr\u00eas pontinhos(&#8230;) no canto superior direito e clicar em <strong>Abri no navegador<\/strong>.\u26a0\ufe0f<\/p>\t\t\t\t\t\t\t\t<\/div>\n\t\t\t\t<\/div>\n\t\t\t\t\t<\/div>\n\t\t\t\t<\/div>\n\t\t<div class=\"elementor-element elementor-element-83e659d e-flex e-con-boxed e-con e-parent\" data-id=\"83e659d\" data-element_type=\"container\" data-e-type=\"container\" data-settings=\"{&quot;background_background&quot;:&quot;classic&quot;}\">\n\t\t\t\t\t<div class=\"e-con-inner\">\n\t\t\t\t<div class=\"elementor-element elementor-element-f7fa0a0 elementor-widget elementor-widget-heading\" data-id=\"f7fa0a0\" data-element_type=\"widget\" data-e-type=\"widget\" data-widget_type=\"heading.default\">\n\t\t\t\t<div class=\"elementor-widget-container\">\n\t\t\t\t\t<h2 class=\"elementor-heading-title elementor-size-default\">Direitos reservados<\/h2>\t\t\t\t<\/div>\n\t\t\t\t<\/div>\n\t\t\t\t\t<\/div>\n\t\t\t\t<\/div>\n\t\t<div class=\"elementor-element elementor-element-7fc27d6 e-flex e-con-boxed e-con e-parent\" data-id=\"7fc27d6\" data-element_type=\"container\" data-e-type=\"container\">\n\t\t\t\t\t<div class=\"e-con-inner\">\n\t\t\t\t\t<\/div>\n\t\t\t\t<\/div>\n\t\t\t\t<\/div>\n\t\t","protected":false},"excerpt":{"rendered":"<p>\ud83d\udecd\ufe0fCHEGOU A HORA DE REALMENTE ECONOMIZAR NOS PRODUTINHOS QUE TANTO AMA. Entre para o mais exclusivo grupo \u2728Vip\u2728 de promos, bugs e cupons!!\ud83d\udecd\ufe0f WhatsApp icon QUERO PARTICIPAR \ud83d\udce3+ DE 20.000 MULHERES J\u00c1 EST\u00c3O APROVEITANDO! AGORA \u00c9 A SUA VEZ. \ud83d\udea8N\u00e3o abriu o grupo? Ent\u00e3o segue essa dica\ud83d\udc47 \u26a0\ufe0fSe est\u00e1 pedindo para baixar o WhatsAPP basta [&hellip;]<\/p>\n","protected":false},"author":1,"featured_media":0,"parent":0,"menu_order":0,"comment_status":"closed","ping_status":"closed","template":"elementor_canvas","meta":{"footnotes":""},"class_list":["post-11","page","type-page","status-publish","hentry"],"_links":{"self":[{"href":"https:\/\/taldedescontinho.com\/grupodepromos\/wp-json\/wp\/v2\/pages\/11","targetHints":{"allow":["GET"]}}],"collection":[{"href":"https:\/\/taldedescontinho.com\/grupodepromos\/wp-json\/wp\/v2\/pages"}],"about":[{"href":"https:\/\/taldedescontinho.com\/grupodepromos\/wp-json\/wp\/v2\/types\/page"}],"author":[{"embeddable":true,"href":"https:\/\/taldedescontinho.com\/grupodepromos\/wp-json\/wp\/v2\/users\/1"}],"replies":[{"embeddable":true,"href":"https:\/\/taldedescontinho.com\/grupodepromos\/wp-json\/wp\/v2\/comments?post=11"}],"version-history":[{"count":183,"href":"https:\/\/taldedescontinho.com\/grupodepromos\/wp-json\/wp\/v2\/pages\/11\/revisions"}],"predecessor-version":[{"id":485,"href":"https:\/\/taldedescontinho.com\/grupodepromos\/wp-json\/wp\/v2\/pages\/11\/revisions\/485"}],"wp:attachment":[{"href":"https:\/\/taldedescontinho.com\/grupodepromos\/wp-json\/wp\/v2\/media?parent=11"}],"curies":[{"name":"wp","href":"https:\/\/api.w.org\/{rel}","templated":true}]}}